{"id":541,"date":"2024-01-28T12:44:22","date_gmt":"2024-01-28T12:44:22","guid":{"rendered":"http:\/\/wedding-outlet.com\/?page_id=541"},"modified":"2024-03-21T22:39:27","modified_gmt":"2024-03-21T22:39:27","slug":"about-wona-by-wona-concept","status":"publish","type":"page","link":"https:\/\/wedding-outlet.com\/ua\/about-wona-by-wona-concept\/","title":{"rendered":"\u041f\u0440\u043e \u0431\u0440\u0435\u043d\u0434"},"content":{"rendered":"<div class=\"wp-block-media-text alignfull is-stacked-on-mobile has-background\" style=\"background-color:#1d2327;grid-template-columns:66% auto\"><figure class=\"wp-block-media-text__media\"><img loading=\"lazy\" decoding=\"async\" width=\"900\" height=\"1024\" src=\"http:\/\/wedding-outlet.com\/wp-content\/uploads\/2024\/03\/wbw-team-retina-900x1024.jpg\" alt=\"WONA by WONA Concept team\" class=\"wp-image-1701 size-full\" srcset=\"https:\/\/wedding-outlet.com\/wp-content\/uploads\/2024\/03\/wbw-team-retina-264x300.jpg 264w, https:\/\/wedding-outlet.com\/wp-content\/uploads\/2024\/03\/wbw-team-retina-768x874.jpg 768w, https:\/\/wedding-outlet.com\/wp-content\/uploads\/2024\/03\/wbw-team-retina-1350x1536.jpg 1350w, https:\/\/wedding-outlet.com\/wp-content\/uploads\/2024\/03\/wbw-team-retina-1800x2048.jpg 1800w, https:\/\/wedding-outlet.com\/wp-content\/uploads\/2024\/03\/wbw-team-retina.jpg 2048w\" sizes=\"auto, (max-width: 900px) 100vw, 900px\" \/><\/figure><div class=\"wp-block-media-text__content\">\n<h1 class=\"wp-block-heading has-text-align-left page-title has-ast-global-color-5-color has-text-color has-link-color wp-elements-fed51a6c52928097b642c407ba84dd2f\">\u041f\u0440\u043e \u0431\u0440\u0435\u043d\u0434<\/h1>\n\n\n\n<p class=\"has-ast-global-color-4-color has-text-color has-link-color wp-elements-1f006bf8c768928373a574dcacd4a66a\">\u0417\u0430\u043b\u0438\u0448\u0430\u044e\u0447\u0438\u0441\u044c \u0447\u0430\u0441\u0442\u0438\u043d\u043e\u044e WON\u00c0 Concept &amp; Eva Lendel Group, Won\u00e0 by Won\u00e0 Concept \u0434\u043e\u0442\u0440\u0438\u043c\u0443\u0454\u0442\u044c\u0441\u044f \u0432\u0438\u0441\u043e\u043a\u0438\u0445 \u0441\u0442\u0430\u043d\u0434\u0430\u0440\u0442\u0456\u0432 \u044f\u043a\u043e\u0441\u0442\u0456 \u0432\u0438\u0440\u043e\u0431\u043d\u0438\u0446\u0442\u0432\u0430, \u0430 \u043a\u043e\u043c\u0430\u043d\u0434\u0430 \u0431\u0440\u0435\u043d\u0434\u0443 \u043c\u0430\u0454 \u0431\u0456\u043b\u044c\u0448, \u043d\u0456\u0436 10 \u0440\u043e\u043a\u0456\u0432 \u0434\u043e\u0441\u0432\u0456\u0434\u0443 \u0432 \u0441\u0442\u0432\u043e\u0440\u0435\u043d\u043d\u0456 \u0441\u0443\u043a\u043e\u043d\u044c \u0434\u043b\u044f \u0436\u0456\u043d\u043e\u043a \u0437 \u0434\u0443\u043c\u043a\u043e\u044e \u043f\u0440\u043e \u0443\u043d\u0456\u043a\u0430\u043b\u044c\u043d\u0456\u0441\u0442\u044c \u043a\u043e\u0436\u043d\u043e\u0457.<\/p>\n\n\n\n<p class=\"has-ast-global-color-4-color has-text-color has-link-color wp-elements-61af61c64ac909ec6e57bf272deee01f\">\u0410\u0441\u043e\u0440\u0442\u0438\u043c\u0435\u043d\u0442 Won\u00e0 by Won\u00e0 Concept \u2013 \u0446\u0435 \u0441\u043c\u0456\u043b\u0438\u0432\u0456 \u0442\u0430 \u044f\u0441\u043a\u0440\u0430\u0432\u0456 \u043e\u0431\u0440\u0430\u0437\u0438 \u0434\u043b\u044f \u0442\u0438\u0445, \u0445\u0442\u043e \u0446\u0456\u043d\u0443\u0454 \u043a\u043e\u043c\u0444\u043e\u0440\u0442, \u043b\u044e\u0431\u0438\u0442\u044c \u0431\u0443\u0442\u0438 \u0432 \u0446\u0435\u043d\u0442\u0440\u0456 \u0443\u0432\u0430\u0433\u0438 \u0442\u0430 \u0432\u043c\u0456\u0454 \u043f\u0456\u0434\u043a\u0440\u0435\u0441\u043b\u044e\u0432\u0430\u0442\u0438 \u0441\u0432\u043e\u044e \u043e\u0441\u043e\u0431\u0438\u0441\u0442\u0456\u0441\u0442\u044c \u0447\u0435\u0440\u0435\u0437 \u0432\u0431\u0440\u0430\u043d\u043d\u044f. \u041a\u043e\u0436\u043d\u0456 \u0441\u0443\u043a\u043d\u044f, \u043a\u043e\u0440\u0441\u0435\u0442, \u043a\u043e\u0441\u0442\u044e\u043c \u2013 \u0446\u0435 \u0442\u0432\u0456\u0439 \u0441\u043f\u043e\u0441\u0456\u0431 \u0437\u0430\u044f\u0432\u0438\u0442\u0438 \u043f\u0440\u043e \u0441\u0435\u0431\u0435 \u0442\u0430 \u043f\u043e\u0447\u0443\u0432\u0430\u0442\u0438\u0441\u044f \u043e\u0441\u043e\u0431\u043b\u0438\u0432\u043e\u044e \u0442\u043e\u0434\u0456, \u043a\u043e\u043b\u0438 \u0445\u043e\u0447\u0435\u0448 \u0442\u0438.<\/p>\n<\/div><\/div>\n\n\n\n<div class=\"wp-block-columns is-layout-flex wp-container-core-columns-is-layout-e0e4babd wp-block-columns-is-layout-flex\" style=\"padding-right:0;padding-left:0\">\n<div class=\"wp-block-column is-layout-flow wp-block-column-is-layout-flow\" style=\"flex-basis:66.66%\">\n<h2 class=\"wp-block-heading page-title\">\u0412\u0441\u0435 - \u0442\u0430\u043a, \u044f\u043a \u0432\u0438 \u0445\u043e\u0447\u0435\u0442\u0435<\/h2>\n\n\n\n<p>Won\u00e0 by Won\u00e0 Concept \u2013 \u0446\u0435 \u0437\u0430\u0432\u0436\u0434\u0438 \u0440\u0435\u0442\u0435\u043b\u044c\u043d\u043e \u0434\u0456\u0431\u0440\u0430\u043d\u0456 \u043c\u0430\u0442\u0435\u0440\u0456\u0430\u043b\u0438, \u043e\u0441\u043e\u0431\u043b\u0438\u0432\u0456 \u0434\u0438\u0437\u0430\u0439\u043d\u0438, \u0432\u0438\u043d\u044f\u0442\u043a\u043e\u0432\u0438\u0439 \u0441\u0435\u0440\u0432\u0456\u0441, \u043f\u0440\u043e\u0441\u0442\u0438\u0439 \u0442\u0430 \u0437\u0440\u043e\u0437\u0443\u043c\u0456\u043b\u0438\u0439 \u043f\u0440\u043e\u0446\u0435\u0441 \u0437\u0430\u043c\u043e\u0432\u043b\u0435\u043d\u043d\u044f. \u041c\u0438 \u0441\u0442\u0432\u043e\u0440\u044e\u0454\u043c\u043e \u043d\u043e\u0432\u0438\u0439 \u0432\u0438\u043c\u0456\u0440 \u0432\u0435\u0447\u0456\u0440\u043d\u044c\u043e\u0433\u043e \u0432\u0431\u0440\u0430\u043d\u043d\u044f, \u0434\u0435 \u044f\u043a\u0456\u0441\u0442\u044c \u0442\u0430 \u0456\u043d\u0434\u0438\u0432\u0456\u0434\u0443\u0430\u043b\u044c\u043d\u0438\u0439 \u043f\u0456\u0434\u0445\u0456\u0434 \u043f\u043e\u0454\u0434\u043d\u0443\u044e\u0442\u044c\u0441\u044f \u0456\u0437 \u0448\u0432\u0438\u0434\u043a\u0456\u0441\u0442\u044e \u0440\u0435\u0430\u043b\u0456\u0437\u0430\u0446\u0456\u0457 \u0456\u0434\u0435\u0457. \u0417 Won\u00e0 by Won\u00e0 Concept \u043e\u0431\u0440\u0430\u0442\u0438 \u0441\u0432\u0456\u0439 \u043e\u0431\u0440\u0430\u0437 \u0441\u0435\u0440\u0435\u0434 \u0431\u0435\u0437\u043b\u0456\u0447\u0456 \u0432\u0430\u0440\u0456\u0430\u043d\u0442\u0456\u0432 \u0441\u0438\u043b\u0443\u0435\u0442\u0456\u0432, \u0432\u0456\u0434\u0442\u0456\u043d\u043a\u0456\u0432, \u0442\u0430 \u0442\u0435\u043a\u0441\u0442\u0443\u0440 \u0441\u0442\u0430\u0454 \u043f\u0440\u043e\u0441\u0442\u043e \u0456 \u0434\u043e\u0441\u0442\u0443\u043f\u043d\u043e, \u0430\u0434\u0436\u0435 \u0456\u0434\u0435\u0430\u043b\u044c\u043d\u0430 \u0441\u0443\u043a\u043d\u044f \u043c\u0430\u0454 \u043f\u0440\u0438\u043d\u043e\u0441\u0438\u0442\u0438 \u0437\u0430\u0434\u043e\u0432\u043e\u043b\u0435\u043d\u043d\u044f \u043d\u0430 \u0432\u0441\u0456\u0445 \u0435\u0442\u0430\u043f\u0430\u0445 \u2013 \u0432\u0456\u0434 \u0432\u0438\u0431\u043e\u0440\u0443, \u0434\u043e \u0437\u0430\u043c\u043e\u0432\u043b\u0435\u043d\u043d\u044f \u0442\u0430 \u043e\u0442\u0440\u0438\u043c\u0430\u043d\u043d\u044f \u0433\u043e\u0442\u043e\u0432\u043e\u0433\u043e \u0432\u0438\u0440\u043e\u0431\u0443.<\/p>\n<\/div>\n\n\n\n<div class=\"wp-block-column is-layout-flow wp-block-column-is-layout-flow\"><\/div>\n<\/div>\n\n\n\n<figure class=\"wp-block-image alignwide size-large\"><img loading=\"lazy\" decoding=\"async\" width=\"1024\" height=\"683\" src=\"http:\/\/wedding-outlet.com\/wp-content\/uploads\/2024\/02\/wbw-production-4-1024x683.jpg\" alt=\"\" class=\"wp-image-968\" srcset=\"https:\/\/wedding-outlet.com\/wp-content\/uploads\/2024\/02\/wbw-production-4-1024x683.jpg 1024w, https:\/\/wedding-outlet.com\/wp-content\/uploads\/2024\/02\/wbw-production-4-2048x1365.jpg 2048w, https:\/\/wedding-outlet.com\/wp-content\/uploads\/2024\/02\/wbw-production-4-768x512.jpg 768w, https:\/\/wedding-outlet.com\/wp-content\/uploads\/2024\/02\/wbw-production-4-1536x1024.jpg 1536w\" sizes=\"auto, (max-width: 1024px) 100vw, 1024px\" \/><\/figure>\n\n\n\n<div class=\"wp-block-columns is-layout-flex wp-container-core-columns-is-layout-e0e4babd wp-block-columns-is-layout-flex\" style=\"padding-right:0;padding-left:0\">\n<div class=\"wp-block-column is-layout-flow wp-block-column-is-layout-flow\"><\/div>\n\n\n\n<div class=\"wp-block-column is-layout-flow wp-block-column-is-layout-flow\" style=\"flex-basis:66.66%\">\n<p>\u0413\u043e\u0434\u0438\u043d\u0438 \u0432 \u043f\u0440\u0438\u043c\u0456\u0440\u043e\u0447\u043d\u0438\u0445 \u0442\u0430 \u0434\u043e\u0432\u0433\u0456 \u0442\u0438\u0436\u043d\u0456 \u043e\u0447\u0456\u043a\u0443\u0432\u0430\u043d\u043d\u044f \u2013 \u0432 \u043c\u0438\u043d\u0443\u043b\u043e\u043c\u0443. Won\u00e0 by Won\u00e0 Concept \u0432\u0438\u0433\u043e\u0442\u043e\u0432\u0438\u0442\u044c \u0456\u0434\u0435\u0430\u043b\u044c\u043d\u0443 \u0441\u0443\u043a\u043d\u044e \u0437 \u0430\u0441\u043e\u0440\u0442\u0438\u043c\u0435\u043d\u0442\u0443 \u043d\u0430 \u0441\u0430\u0439\u0442\u0456 \u0437\u0430 \u0442\u0432\u043e\u0457\u043c\u0438 \u043f\u0430\u0440\u0430\u043c\u0435\u0442\u0440\u0430\u043c\u0438 \u0437\u0430 \u043a\u0456\u043b\u044c\u043a\u0430 \u0434\u043d\u0456\u0432 \u0456 \u0442\u0438 \u043e\u0442\u0440\u0438\u043c\u0430\u0454\u0448 \u0457\u0457 \u0441\u0430\u043c\u0435 \u0432\u0447\u0430\u0441\u043d\u043e, \u0449\u043e\u0431 \u0441\u044f\u044f\u0442\u0438 \u043d\u0430 \u0442\u0456\u0439 \u0441\u0430\u043c\u0456\u0439 \u0432\u0435\u0447\u0456\u0440\u0446\u0456.<\/p>\n<\/div>\n<\/div>\n\n\n\n<figure class=\"wp-block-gallery alignwide has-nested-images columns-default is-cropped gray-square-background wp-block-gallery-1 is-layout-flex wp-block-gallery-is-layout-flex\">\n<figure class=\"wp-block-image size-large\"><img loading=\"lazy\" decoding=\"async\" width=\"679\" height=\"1024\" data-id=\"969\" src=\"http:\/\/wedding-outlet.com\/wp-content\/uploads\/2024\/02\/wbw-production-5-679x1024.jpg\" alt=\"\" class=\"wp-image-969\" srcset=\"https:\/\/wedding-outlet.com\/wp-content\/uploads\/2024\/02\/wbw-production-5-679x1024.jpg 679w, https:\/\/wedding-outlet.com\/wp-content\/uploads\/2024\/02\/wbw-production-5-1359x2048.jpg 1359w, https:\/\/wedding-outlet.com\/wp-content\/uploads\/2024\/02\/wbw-production-5-199x300.jpg 199w, https:\/\/wedding-outlet.com\/wp-content\/uploads\/2024\/02\/wbw-production-5-768x1158.jpg 768w, https:\/\/wedding-outlet.com\/wp-content\/uploads\/2024\/02\/wbw-production-5-1019x1536.jpg 1019w, https:\/\/wedding-outlet.com\/wp-content\/uploads\/2024\/02\/wbw-production-5-scaled.jpg 1698w\" sizes=\"auto, (max-width: 679px) 100vw, 679px\" \/><\/figure>\n\n\n\n<figure class=\"wp-block-image size-large\"><img loading=\"lazy\" decoding=\"async\" width=\"715\" height=\"1024\" data-id=\"972\" src=\"http:\/\/wedding-outlet.com\/wp-content\/uploads\/2024\/02\/wbw-production-8-715x1024.jpg\" alt=\"\" class=\"wp-image-972\" srcset=\"https:\/\/wedding-outlet.com\/wp-content\/uploads\/2024\/02\/wbw-production-8-715x1024.jpg 715w, https:\/\/wedding-outlet.com\/wp-content\/uploads\/2024\/02\/wbw-production-8-209x300.jpg 209w, https:\/\/wedding-outlet.com\/wp-content\/uploads\/2024\/02\/wbw-production-8-768x1100.jpg 768w, https:\/\/wedding-outlet.com\/wp-content\/uploads\/2024\/02\/wbw-production-8-1072x1536.jpg 1072w, https:\/\/wedding-outlet.com\/wp-content\/uploads\/2024\/02\/wbw-production-8-1430x2048.jpg 1430w, https:\/\/wedding-outlet.com\/wp-content\/uploads\/2024\/02\/wbw-production-8-scaled.jpg 1787w\" sizes=\"auto, (max-width: 715px) 100vw, 715px\" \/><\/figure>\n\n\n\n<figure class=\"wp-block-image size-large\"><img loading=\"lazy\" decoding=\"async\" width=\"799\" height=\"1024\" data-id=\"967\" src=\"http:\/\/wedding-outlet.com\/wp-content\/uploads\/2024\/02\/wbw-production-3-799x1024.jpg\" alt=\"\" class=\"wp-image-967\" srcset=\"https:\/\/wedding-outlet.com\/wp-content\/uploads\/2024\/02\/wbw-production-3-799x1024.jpg 799w, https:\/\/wedding-outlet.com\/wp-content\/uploads\/2024\/02\/wbw-production-3-234x300.jpg 234w, https:\/\/wedding-outlet.com\/wp-content\/uploads\/2024\/02\/wbw-production-3-768x984.jpg 768w, https:\/\/wedding-outlet.com\/wp-content\/uploads\/2024\/02\/wbw-production-3-1199x1536.jpg 1199w, https:\/\/wedding-outlet.com\/wp-content\/uploads\/2024\/02\/wbw-production-3-1599x2048.jpg 1599w, https:\/\/wedding-outlet.com\/wp-content\/uploads\/2024\/02\/wbw-production-3-scaled.jpg 1999w\" sizes=\"auto, (max-width: 799px) 100vw, 799px\" \/><\/figure>\n<\/figure>\n\n\n\n<div class=\"wp-block-columns is-layout-flex wp-container-core-columns-is-layout-e0e4babd wp-block-columns-is-layout-flex\" style=\"padding-right:0;padding-left:0\">\n<div class=\"wp-block-column is-layout-flow wp-block-column-is-layout-flow\" style=\"flex-basis:66.66%\">\n<h3 class=\"wp-block-heading page-title\">\u0414\u043e\u0441\u0432\u0456\u0434 \u0440\u043e\u0431\u043e\u0442\u0438 \u0432 \u0406\u043d\u0442\u0435\u0440\u043d\u0435\u0442\u0456<\/h3>\n\n\n\n<p>\u0422\u0435\u043f\u0435\u0440 \u0441\u0443\u043a\u043d\u044f \u0442\u0432\u043e\u0454\u0457 \u043c\u0440\u0456\u0457 \u2014 \u0446\u0435 \u043d\u0435 \u043f\u0440\u043e \u0434\u043e\u0432\u0433\u0456 \u043f\u043e\u0445\u043e\u0434\u0438 \u0432 \u043c\u0430\u0433\u0430\u0437\u0438\u043d\u0438 \u0442\u0430 \u043e\u0447\u0456\u043a\u0443\u0432\u0430\u043d\u043d\u044f \u0432 \u043f\u0440\u0438\u043c\u0456\u0440\u043e\u0447\u043d\u0438\u0445, \u0456 \u043d\u0435 \u043f\u0440\u043e \u0441\u043f\u0440\u043e\u0431\u0438 \u0437\u043d\u0430\u0439\u0442\u0438 \u00ab\u0442\u0435 \u0441\u0430\u043c\u0435 \u0432\u0431\u0440\u0430\u043d\u043d\u044f\u00bb \u0437\u0430 \u043a\u0456\u043b\u044c\u043a\u0430 \u043c\u0456\u0441\u044f\u0446\u0456\u0432 \u0434\u043e \u0441\u0432\u044f\u0442\u0430. \u041e\u0431\u0438\u0440\u0430\u0439 \u043d\u0430\u0439\u0431\u0456\u043b\u044c\u0448 \u043f\u0440\u0438\u0432\u0430\u0431\u043b\u0438\u0432\u0438\u0439 \u0434\u043b\u044f \u0442\u0435\u0431\u0435 \u0434\u0438\u0437\u0430\u0439\u043d \u0437 \u043d\u0430\u0448\u043e\u0433\u043e \u0430\u0441\u043e\u0440\u0442\u0438\u043c\u0435\u043d\u0442\u0443 \u0442\u0430 \u0437\u0430\u043c\u043e\u0432\u043b\u044f\u0439 \u0432 \u043f\u0430\u0440\u0443 \u043a\u043b\u0456\u043a\u0456\u0432, \u0437\u0430\u043f\u043e\u0432\u043d\u0438\u0432\u0448\u0438 \u0444\u043e\u0440\u043c\u0443 \u0437 \u0442\u0432\u043e\u0457\u043c\u0438 \u043f\u0430\u0440\u0430\u043c\u0435\u0442\u0440\u0430\u043c\u0438. \u0420\u0435\u0448\u0442\u0430 \u0437\u0430 Won\u00e0 by Won\u00e0 Concept \u2014 \u0441\u0443\u043a\u043d\u044f \u0437\u0430 \u043c\u0456\u0440\u043a\u0430\u043c\u0438 \u0431\u0443\u0434\u0435 \u0443 \u0442\u0435\u0431\u0435 \u0437\u0430 5 \u0440\u043e\u0431\u043e\u0447\u0438\u0445 \u0434\u043d\u0456\u0432.<\/p>\n<\/div>\n\n\n\n<div class=\"wp-block-column is-layout-flow wp-block-column-is-layout-flow\"><\/div>\n<\/div>\n\n\n\n<figure class=\"wp-block-gallery alignwide has-nested-images columns-4 is-cropped wp-block-gallery-2 is-layout-flex wp-block-gallery-is-layout-flex\">\n<figure class=\"wp-block-image size-large\"><img loading=\"lazy\" decoding=\"async\" width=\"683\" height=\"1024\" data-id=\"973\" src=\"http:\/\/wedding-outlet.com\/wp-content\/uploads\/2024\/02\/wbw-production-9-683x1024.jpg\" alt=\"\" class=\"wp-image-973\" srcset=\"https:\/\/wedding-outlet.com\/wp-content\/uploads\/2024\/02\/wbw-production-9-683x1024.jpg 683w, https:\/\/wedding-outlet.com\/wp-content\/uploads\/2024\/02\/wbw-production-9-1365x2048.jpg 1365w, https:\/\/wedding-outlet.com\/wp-content\/uploads\/2024\/02\/wbw-production-9-200x300.jpg 200w, https:\/\/wedding-outlet.com\/wp-content\/uploads\/2024\/02\/wbw-production-9-768x1152.jpg 768w, https:\/\/wedding-outlet.com\/wp-content\/uploads\/2024\/02\/wbw-production-9-1024x1536.jpg 1024w, https:\/\/wedding-outlet.com\/wp-content\/uploads\/2024\/02\/wbw-production-9-scaled.jpg 1707w\" sizes=\"auto, (max-width: 683px) 100vw, 683px\" \/><\/figure>\n\n\n\n<figure class=\"wp-block-image size-large\"><img loading=\"lazy\" decoding=\"async\" width=\"1024\" height=\"683\" data-id=\"970\" src=\"http:\/\/wedding-outlet.com\/wp-content\/uploads\/2024\/02\/wbw-production-6-1024x683.jpg\" alt=\"\" class=\"wp-image-970\" srcset=\"https:\/\/wedding-outlet.com\/wp-content\/uploads\/2024\/02\/wbw-production-6-1024x683.jpg 1024w, https:\/\/wedding-outlet.com\/wp-content\/uploads\/2024\/02\/wbw-production-6-768x512.jpg 768w, https:\/\/wedding-outlet.com\/wp-content\/uploads\/2024\/02\/wbw-production-6-1536x1024.jpg 1536w, https:\/\/wedding-outlet.com\/wp-content\/uploads\/2024\/02\/wbw-production-6-2048x1365.jpg 2048w\" sizes=\"auto, (max-width: 1024px) 100vw, 1024px\" \/><\/figure>\n\n\n\n<figure class=\"wp-block-image size-large\"><img loading=\"lazy\" decoding=\"async\" width=\"768\" height=\"1024\" data-id=\"974\" src=\"http:\/\/wedding-outlet.com\/wp-content\/uploads\/2024\/02\/wbw-production-10-768x1024.jpg\" alt=\"\" class=\"wp-image-974\" srcset=\"https:\/\/wedding-outlet.com\/wp-content\/uploads\/2024\/02\/wbw-production-10-768x1024.jpg 768w, https:\/\/wedding-outlet.com\/wp-content\/uploads\/2024\/02\/wbw-production-10-225x300.jpg 225w, https:\/\/wedding-outlet.com\/wp-content\/uploads\/2024\/02\/wbw-production-10-315x420.jpg 315w, https:\/\/wedding-outlet.com\/wp-content\/uploads\/2024\/02\/wbw-production-10.jpg 1024w\" sizes=\"auto, (max-width: 768px) 100vw, 768px\" \/><\/figure>\n\n\n\n<figure class=\"wp-block-image size-large\"><img loading=\"lazy\" decoding=\"async\" width=\"768\" height=\"1024\" data-id=\"976\" src=\"http:\/\/wedding-outlet.com\/wp-content\/uploads\/2024\/02\/wbw-production-12-768x1024.jpg\" alt=\"\" class=\"wp-image-976\" srcset=\"https:\/\/wedding-outlet.com\/wp-content\/uploads\/2024\/02\/wbw-production-12-768x1024.jpg 768w, https:\/\/wedding-outlet.com\/wp-content\/uploads\/2024\/02\/wbw-production-12-225x300.jpg 225w, https:\/\/wedding-outlet.com\/wp-content\/uploads\/2024\/02\/wbw-production-12-315x420.jpg 315w, https:\/\/wedding-outlet.com\/wp-content\/uploads\/2024\/02\/wbw-production-12.jpg 1024w\" sizes=\"auto, (max-width: 768px) 100vw, 768px\" \/><\/figure>\n<\/figure>\n\n\n\n<div class=\"wp-block-columns is-layout-flex wp-container-core-columns-is-layout-e0e4babd wp-block-columns-is-layout-flex\" style=\"padding-right:0;padding-left:0\">\n<div class=\"wp-block-column is-layout-flow wp-block-column-is-layout-flow\"><\/div>\n\n\n\n<div class=\"wp-block-column is-layout-flow wp-block-column-is-layout-flow\" style=\"flex-basis:66.66%\">\n<h3 class=\"wp-block-heading page-title\">\u0421\u0442\u0430\u043b\u0438\u0439 \u0440\u043e\u0437\u0432\u0438\u0442\u043e\u043a<\/h3>\n\n\n\n<p>\u041a\u043e\u0440\u0438\u0441\u0442\u0443\u044e\u0447\u0438\u0441\u044c \u0454\u0432\u0440\u043e\u043f\u0435\u0439\u0441\u044c\u043a\u0438\u043c\u0438 \u0441\u0442\u0430\u043d\u0434\u0430\u0440\u0442\u0430\u043c\u0438 \u044f\u043a\u043e\u0441\u0442\u0456, \u0442\u0430 \u0432\u0438\u0437\u043d\u0430\u0447\u0438\u0432\u0448\u0438 \u0434\u043b\u044f \u0441\u0435\u0431\u0435 \u043e\u0434\u043d\u0438\u043c \u0437 \u043f\u0440\u0456\u043e\u0440\u0438\u0442\u0435\u0442\u0456\u0432 \u0441\u0442\u0456\u0439\u043a\u0435 \u0435\u0442\u0438\u0447\u043d\u0435 \u0432\u0438\u0440\u043e\u0431\u043d\u0438\u0446\u0442\u0432\u043e, Won\u00e0 by Won\u00e0 Concept \u043f\u0440\u0438\u0442\u0440\u0438\u043c\u0443\u0454\u0442\u044c\u0441\u044f \u043f\u0440\u0438\u043d\u0446\u0438\u043f\u0443 \u0432\u0438\u0433\u043e\u0442\u043e\u0432\u043b\u0435\u043d\u043d\u044f \u043e\u0434\u044f\u0433\u0443 \u043f\u0456\u0434 \u0437\u0430\u043c\u043e\u0432\u043b\u0435\u043d\u043d\u044f. \u0422\u0430\u043a\u0438\u043c \u0447\u0438\u043d\u043e\u043c \u043c\u0438 \u0443\u043d\u0438\u043a\u0430\u0454\u043c\u043e \u043f\u0435\u0440\u0435\u0432\u0438\u0440\u043e\u0431\u043d\u0438\u0446\u0442\u0432\u0430 \u0442\u0430 \u043d\u0430\u0434\u043c\u0456\u0440\u043d\u043e\u0433\u043e \u0441\u043f\u043e\u0436\u0438\u0432\u0430\u043d\u043d\u044f \u0440\u0435\u0441\u0443\u0440\u0441\u0456\u0432. \u041e\u043a\u0440\u0435\u043c\u0443 \u0443\u0432\u0430\u0433\u0443 \u043c\u0438 \u043f\u0440\u0438\u0434\u0456\u043b\u044f\u0454\u043c\u043e \u0432\u0438\u0431\u043e\u0440\u0443 \u0442\u0430 \u0437\u0430\u043a\u0443\u043f\u0446\u0456 \u043c\u0430\u0442\u0435\u0440\u0456\u0430\u043b\u0456\u0432, \u043e\u0431\u0438\u0440\u0430\u044e\u0447\u0438 \u043b\u0438\u0448\u0435 \u0442\u0438\u0445 \u043f\u043e\u0441\u0442\u0430\u0447\u0430\u043b\u044c\u043d\u0438\u043a\u0456\u0432, \u0449\u043e \u0434\u043e\u0442\u0440\u0438\u043c\u0443\u044e\u0442\u044c\u0441\u044f \u043f\u0440\u0430\u0432\u0438\u043b \u0435\u0442\u0438\u0447\u043d\u043e\u0433\u043e \u0432\u0438\u0440\u043e\u0431\u043d\u0438\u0446\u0442\u0432\u0430 \u0442\u0430 \u043f\u0456\u043a\u043b\u0443\u044e\u0442\u044c\u0441\u044f \u043f\u0440\u043e \u0439\u043e\u0433\u043e \u0435\u043a\u043e\u043b\u043e\u0433\u0456\u0447\u043d\u0443 \u0441\u043a\u043b\u0430\u0434\u043e\u0432\u0443.<\/p>\n<\/div>\n\n\n\n<div class=\"wp-block-column is-layout-flow wp-block-column-is-layout-flow\"><\/div>\n<\/div>","protected":false},"excerpt":{"rendered":"<p>About WON\u00c0 by WON\u00c0 Concept Member of the renowned brands family, WON\u00c0 Concept &amp; Eva Lendel Group, WON\u00c0 by WON\u00c0 Concept brings over a decade of expertise in bridal and evening fashion to every woman who chooses WON\u00c0. WON\u00c0 by WON\u00c0 Concept is all about fun and comfort \u2013 an embodiment of a confident woman [&hellip;]<\/p>\n","protected":false},"author":1,"featured_media":0,"parent":0,"menu_order":0,"comment_status":"closed","ping_status":"closed","template":"","meta":{"site-sidebar-layout":"default","site-content-layout":"","ast-site-content-layout":"default","site-content-style":"default","site-sidebar-style":"default","ast-global-header-display":"","ast-banner-title-visibility":"","ast-main-header-display":"","ast-hfb-above-header-display":"","ast-hfb-below-header-display":"","ast-hfb-mobile-header-display":"","site-post-title":"disabled","ast-breadcrumbs-content":"","ast-featured-img":"","footer-sml-layout":"","ast-disable-related-posts":"","theme-transparent-header-meta":"enabled","adv-header-id-meta":"","stick-header-meta":"","header-above-stick-meta":"","header-main-stick-meta":"","header-below-stick-meta":"","astra-migrate-meta-layouts":"set","ast-page-background-enabled":"default","ast-page-background-meta":{"desktop":{"background-color":"var(--ast-global-color-4)","background-image":"","background-repeat":"repeat","background-position":"center center","background-size":"auto","background-attachment":"scroll","background-type":"","background-media":"","overlay-type":"","overlay-color":"","overlay-opacity":"","overlay-gradient":""},"tablet":{"background-color":"","background-image":"","background-repeat":"repeat","background-position":"center center","background-size":"auto","background-attachment":"scroll","background-type":"","background-media":"","overlay-type":"","overlay-color":"","overlay-opacity":"","overlay-gradient":""},"mobile":{"background-color":"","background-image":"","background-repeat":"repeat","background-position":"center center","background-size":"auto","background-attachment":"scroll","background-type":"","background-media":"","overlay-type":"","overlay-color":"","overlay-opacity":"","overlay-gradient":""}},"ast-content-background-meta":{"desktop":{"background-color":"var(--ast-global-color-5)","background-image":"","background-repeat":"repeat","background-position":"center center","background-size":"auto","background-attachment":"scroll","background-type":"","background-media":"","overlay-type":"","overlay-color":"","overlay-opacity":"","overlay-gradient":""},"tablet":{"background-color":"var(--ast-global-color-5)","background-image":"","background-repeat":"repeat","background-position":"center center","background-size":"auto","background-attachment":"scroll","background-type":"","background-media":"","overlay-type":"","overlay-color":"","overlay-opacity":"","overlay-gradient":""},"mobile":{"background-color":"var(--ast-global-color-5)","background-image":"","background-repeat":"repeat","background-position":"center center","background-size":"auto","background-attachment":"scroll","background-type":"","background-media":"","overlay-type":"","overlay-color":"","overlay-opacity":"","overlay-gradient":""}},"footnotes":""},"class_list":["post-541","page","type-page","status-publish","hentry"],"_links":{"self":[{"href":"https:\/\/wedding-outlet.com\/ua\/wp-json\/wp\/v2\/pages\/541","targetHints":{"allow":["GET"]}}],"collection":[{"href":"https:\/\/wedding-outlet.com\/ua\/wp-json\/wp\/v2\/pages"}],"about":[{"href":"https:\/\/wedding-outlet.com\/ua\/wp-json\/wp\/v2\/types\/page"}],"author":[{"embeddable":true,"href":"https:\/\/wedding-outlet.com\/ua\/wp-json\/wp\/v2\/users\/1"}],"replies":[{"embeddable":true,"href":"https:\/\/wedding-outlet.com\/ua\/wp-json\/wp\/v2\/comments?post=541"}],"version-history":[{"count":27,"href":"https:\/\/wedding-outlet.com\/ua\/wp-json\/wp\/v2\/pages\/541\/revisions"}],"predecessor-version":[{"id":1716,"href":"https:\/\/wedding-outlet.com\/ua\/wp-json\/wp\/v2\/pages\/541\/revisions\/1716"}],"wp:attachment":[{"href":"https:\/\/wedding-outlet.com\/ua\/wp-json\/wp\/v2\/media?parent=541"}],"curies":[{"name":"wp","href":"https:\/\/api.w.org\/{rel}","templated":true}]}}